{"id":2,"date":"2009-03-01T10:17:24","date_gmt":"2009-03-01T09:17:24","guid":{"rendered":"http:\/\/bankis.de\/?page_id=2"},"modified":"2018-05-31T13:57:23","modified_gmt":"2018-05-31T11:57:23","slug":"about","status":"publish","type":"page","link":"https:\/\/bankis.de\/?page_id=2","title":{"rendered":"Impressum\/ Datenschutzerkl\u00e4rung"},"content":{"rendered":"<p><b>Seiten von Andreas und Astrid Bank (M\u00fchlhausen\/Th\u00fcringen)<\/p>\n<p>Kontakt:<br \/>\n<script language=\"JavaScript\" type=\"text\/javascript\">\nvar xname = \"management\";\nvar xendung = \"bankis.de\";\ndocument.write('\\<a href=\\\"mailto:' + xname + '@' + xendung + '\">');\ndocument.write(xname + '@' + xendung + '<\/a>');\n\/\/-->\n<\/script><br \/>\n<\/b><\/p>\n<h2>Impressum<\/h2>\n<p>Dieses Impressum gilt f\u00fcr alle Seiten\/ Subdomains auf:<\/p>\n<ul>\n<li><a href=\"https:\/\/bankis.de\">https:\/\/bankis.de<\/a><\/li>\n<li><a href=\"http:\/\/bankfoto.de\">http:\/\/bankfoto.de<\/a><\/li>\n<\/ul>\n<p><small>Angaben gem\u00e4\u00df \u00a7 5 Telemediengesetz (TMG):<\/small><\/p>\n<p><small><script language=\"JavaScript\" type=\"text\/javascript\">\nvar xname = \"Andreas Bank\"; var xstrasse2 = \"G\u00fcldene \"; var xstrasse1 = \"Ecke\"; var xstrasse3 = \" 4\"; var xplz = \"99974\"; var xort = \"M\u00fchlhausen\"; var xland = \"Deutschland\"; document.write(xname); \n<\/script><\/p>\n<p><script language=\"JavaScript\" type=\"text\/javascript\">\nvar xname = \"Andreas Bank\"; var xstrasse2 = \"G\u00fcldene \"; var xstrasse1 = \"Ecke\"; var xstrasse3 = \" 4\"; var xplz = \"99974\"; var xort = \"M\u00fchlhausen\"; var xland = \"Deutschland\"; document.write(xstrasse2 + xstrasse1 + xstrasse3);\n<\/script><br \/>\n<script language=\"JavaScript\" type=\"text\/javascript\">\nvar xname = \"Andreas Bank\"; var xstrasse2 = \"G\u00fcldene \"; var xstrasse1 = \"Ecke\"; var xstrasse3 = \" 4\"; var xplz = \"99974\"; var xort = \" M\u00fchlhausen\"; var xland = \"Deutschland\"; document.write(xplz + xort);\n<\/script><br \/>\n<script language=\"JavaScript\" type=\"text\/javascript\">\nvar xname = \"Andreas Bank\"; var xstrasse2 = \"G\u00fcldene \"; var xstrasse1 = \"Ecke\"; var xstrasse3 = \" 4\"; var xplz = \"99974\"; var xort = \" M\u00fchlhausen\"; var xland = \"Deutschland\"; document.write(xland); \n<\/script><br \/>\n<\/small><\/p>\n<p><small>Kontakt:<br \/>\n<script language=\"JavaScript\" type=\"text\/javascript\">\nvar xname = \"management\";\nvar xendung = \"bankis.de\";\ndocument.write('\\<a href=\\\"mailto:' + xname + '@' + xendung + '\">');\ndocument.write(xname + '@' + xendung + '<\/a>');\n<\/script><br \/>\n<\/small><\/p>\n<p><small>Verantwortlicher f\u00fcr den Inhalt ist gem\u00e4\u00df \u00a7 55 Abs. 2 Rundfunkstaatsvertrag (RStV):<\/small><\/p>\n<p><small><script language=\"JavaScript\" type=\"text\/javascript\">\nvar xname = \"Andreas Bank\"; var xstrasse2 = \"G\u00fcldene \"; var xstrasse1 = \"Ecke\"; var xstrasse3 = \" 4\"; var xplz = \"99974\"; var xort = \"M\u00fchlhausen\"; var xland = \"Deutschland\"; document.write(xname); \n<\/script><br \/>\n<script language=\"JavaScript\" type=\"text\/javascript\">\nvar xname = \"Andreas Bank\"; var xstrasse2 = \"G\u00fcldene \"; var xstrasse1 = \"Ecke\"; var xstrasse3 = \" 4\"; var xplz = \"99974\"; var xort = \"M\u00fchlhausen\"; var xland = \"Deutschland\"; document.write(xstrasse2 + xstrasse1 + xstrasse3);\n<\/script><br \/>\n<script language=\"JavaScript\" type=\"text\/javascript\">\nvar xname = \"Andreas Bank\"; var xstrasse2 = \"G\u00fcldene \"; var xstrasse1 = \"Ecke\"; var xstrasse3 = \" 4\"; var xplz = \"99974\"; var xort = \" M\u00fchlhausen\"; var xland = \"Deutschland\"; document.write(xplz + xort);\n<\/script><br \/>\n<\/small><\/p>\n<p><small>Ausschluss der Haftung:<\/small><\/p>\n<p><small>1. Haftung f\u00fcr Inhalte<br \/>\nDer Inhalt meiner Internetseite wurde mit gr\u00f6\u00dftm\u00f6glicher Sorgfalt erstellt. Ich \u00fcbernehme jedoch keine Gew\u00e4hr daf\u00fcr, dass dieser Inhalt richtig, vollst\u00e4ndig, und aktuell ist und zudem noch gef\u00e4llt. Gem\u00e4\u00df \u00a7 7 Abs. 1 TMG bin ich f\u00fcr den Inhalt verantwortlich, selbst wenn dieser wurde bestellt.<br \/>\nGem\u00e4\u00df den \u00a7\u00a7 8, 9 und 10 TMG ist f\u00fcr mich keine Verpflichtung gegeben, dass ich Informationen von Dritten, die \u00fcbermittelt oder gespeichert wurden, \u00fcberwache oder Umst\u00e4nde erhebe, die Hinweise auf nicht rechtm\u00e4\u00dfige T\u00e4tigkeiten ergeben.<br \/>\nDavon nicht ber\u00fchrt, ist meine Verpflichtung zur Sperrung oder Entfernung von Informationen, welche von den allgemeinen Gesetzen herr\u00fchrt.<br \/>\nIch hafte allerdings erst in dem Moment, in dem ich von einer konkreten Verletzung von Rechten Kenntnis bekomme. Dann wird eine unverz\u00fcgliche Entfernung des entsprechenden Inhalts vorgenommen.<\/small><\/p>\n<p><small>2. Haftung f\u00fcr Links<br \/>\nMeine Internetseite enth\u00e4lt Links, die zu externen Internetseiten von Dritten f\u00fchren, auf deren Inhalte ich jedoch keinen Einfluss habe. Es ist mir daher nicht m\u00f6glich, eine Gew\u00e4hr f\u00fcr diese Inhalte zu tragen.<br \/>\nDie Verantwortung daf\u00fcr hat immer der jeweilige Anbieter\/Betreiber der entsprechenden Internetseite. Ich \u00fcberpr\u00fcfe die von mir verlinkten Internetseiten zum Zeitpunkt der Verlinkung auf einen m\u00f6glichen Rechtsversto\u00df in voller Breite.<br \/>\nEs kann mir jedoch, ohne einen konkreten Anhaltspunkt, nicht zugemutet werden, st\u00e4ndig die verlinkten Internetseiten inhaltlich zu \u00fcberwachen. Wenn ich jedoch von einer Rechtsverletzung Kenntnis erlange, werde ich den entsprechenden Link unverz\u00fcglich entfernen, das kann ich machen.<\/small><\/p>\n<p><small>3. Urheberrecht<br \/>\nDie auf meiner Internetseite enthaltenen Inhalte sind, soweit m\u00f6glich, urheberrechtlich gesch\u00fctzt. Es bedarf einer schriftlichen Genehmigung des Erstellers f\u00fcr denjenigen, der die Inhalte vervielf\u00e4ltigt, bearbeitet, verbreitet oder n\u00fctzt.<br \/>\nDas Herunterladen und Kopieren meiner Internetseite ist sowohl f\u00fcr den privaten als auch den kommerziellen Gebrauch von mir schriftlich zu gestatten. Ich weise darauf hin, dass ich hinsichtlich der Inhalte auf meiner Internetseite, soweit sie nicht von mir erstellt worden sind, das Urheberrecht von Dritten jederzeit beachtet hatte.<br \/>\nWenn Sie mir mitteilen w\u00fcrden, dass Sie trotzdem eine Urheberrechtsverletzung gefunden haben, w\u00fcrde ich das sehr sch\u00e4tzen. Dann kann ich den entsprechenden Inhalt sofort entfernen und w\u00fcrde damit das Urheberrecht nicht mehr verletzen.<br \/>\n<b>Bitte kontaktieren Sie mich, wenn Sie Inhalte\/ Fotos selbst verwenden m\u00f6chten. Ich helfe gern.<\/b><br \/>\n<\/small><\/p>\n<p><small>4. Datenschutz<br \/>\nMeine Internetseite kann regelm\u00e4\u00dfig ohne die Angabe von personenbezogenen Daten genutzt werden. Falls solche Daten (z.B. Name, Adresse oder E-Mail) doch erhoben werden sollten, geschieht das, freiwillig oder nur mit ausdr\u00fccklicher Zustimmung durch Sie und durch mich zu verbergen.<br \/>\nDie \u00dcbertragung von Daten im Internet ist mit Sicherheitsl\u00fccken befangen. Es ist daher m\u00f6glich, dass Dritte Zugriff auf diese Daten erlangen. Ein l\u00fcckenloser Schutz ist nicht m\u00f6glich, wenn auch l\u00f6blich.<br \/>\nIch widerspreche an dieser Stelle der Nutzung meiner Kontaktdaten, um mir damit nicht verlangte Werbung\/Informationsmaterial\/Spam-Mails zukommen zu lassen. Sollte dies dennoch geschehen, m\u00fcsste ich rechtliche Schritte ins Auge fassen.<\/small><\/p>\n<p><small><small>Angabe der Quelle: Flegl Rechtsanw\u00e4lte GmbH<br \/>\n<\/small><\/small><\/p>\n<h2>Datenschutzerkl\u00e4rung<\/h2>\n<h1>Wer bin ich\/ Impressum<\/h1>\n<p>Die Adresse unserer Website ist: https:\/\/bankis.de. Die Datenschutzerkl\u00e4rung gilt ebenso f\u00fcr alle Subdomains.<br \/>\nBei der Website &#8222;https:\/\/bankis.de&#8220;, wie aller Subdomains (insbesondere &#8222;http:\/\/camping.bankis.de&#8220;) handelt es sich um eine rein private, nichtkommerzielle Seite. Die Website wird mittels WordPress realisiert.<\/p>\n<p>Inhaber der Domain &#8222;https:\/\/bankis.de&#8220;, sowie aller Subdomains ist:<br \/>\n<small><script language=\"JavaScript\" type=\"text\/javascript\">\nvar xname = \"Andreas Bank\"; var xstrasse2 = \"G\u00fcldene \"; var xstrasse1 = \"Ecke\"; var xstrasse3 = \" 4\"; var xplz = \"99974\"; var xort = \"M\u00fchlhausen\"; var xland = \"Deutschland\"; document.write(xname);\n<\/script><br \/>\n<script language=\"JavaScript\" type=\"text\/javascript\">\nvar xname = \"Andreas Bank\"; var xstrasse2 = \"G\u00fcldene \"; var xstrasse1 = \"Ecke\"; var xstrasse3 = \" 4\"; var xplz = \"99974\"; var xort = \"M\u00fchlhausen\"; var xland = \"Deutschland\"; document.write(xstrasse2 + xstrasse1 + xstrasse3);\n<\/script><br \/>\n<script language=\"JavaScript\" type=\"text\/javascript\">\nvar xname = \"Andreas Bank\"; var xstrasse2 = \"G\u00fcldene \"; var xstrasse1 = \"Ecke\"; var xstrasse3 = \" 4\"; var xplz = \"99974\"; var xort = \" M\u00fchlhausen\"; var xland = \"Deutschland\"; document.write(xplz + xort);\n<\/script><br \/>\n<script language=\"JavaScript\" type=\"text\/javascript\">\nvar xname = \"Andreas Bank\"; var xstrasse2 = \"G\u00fcldene \"; var xstrasse1 = \"Ecke\"; var xstrasse3 = \" 4\"; var xplz = \"99974\"; var xort = \" M\u00fchlhausen\"; var xland = \"Deutschland\"; document.write(xland); \n<\/script><br \/>\n<\/small><\/p>\n<p>Kontakt:<br \/>\n<script language=\"JavaScript\" type=\"text\/javascript\">\nvar xname = \"management\";\nvar xendung = \"bankis.de\";\ndocument.write('\\<a href=\\\"mailto:' + xname + '@' + xendung + '\">');\ndocument.write(xname + '@' + xendung + '<\/a>');\n<\/script><\/p>\n<h2>Welche personenbezogenen Daten wir sammeln und warum wir sie sammeln<\/h2>\n<h3>Kommentare<\/h3>\n<p>Wenn Besucher Kommentare auf der Website schreiben, sammeln wir die Daten, die im Kommentar-Formular angezeigt werden, au\u00dferdem die IP-Adresse des Besuchers und den User-Agent-String (damit wird der Browser identifiziert), um die Erkennung von Spam zu unterst\u00fctzen.<\/p>\n<p>Aus deiner E-Mail-Adresse kann eine anonymisierte Zeichenfolge erstellt (auch Hash genannt) und dem Gravatar-Dienst \u00fcbergeben werden, um zu pr\u00fcfen, ob du diesen benutzt. Die Datenschutzerkl\u00e4rung des Gravatar-Dienstes findest du hier: https:\/\/automattic.com\/privacy\/. Nachdem dein Kommentar freigegeben wurde, ist dein Profilbild \u00f6ffentlich im Kontext deines Kommentars sichtbar.<\/p>\n<p>Besucher-Kommentare k\u00f6nnten von einem automatisierten Dienst zur Spam-Erkennung untersucht werden. Wir benutzen dazu das Plugin &#8222;<strong>Akismet Anti-Spam<\/strong>&#8222;.<\/p>\n<p>Wir sammeln Informationen \u00fcber Besucher, die Kommentare auf Websites, die unseren Akismet Anti-Spam Service benutzen, hinterlassen. Das Ausma\u00df an Informationen, die wir sammeln, h\u00e4ngt davon ab, wie der Benutzer seine Website einstellt hat. Normalerweise beinhalten diese Daten die IP-Adresse des Benutzers, den User Agent, Referrer und Website-URL (sowie den Informationen, die der Benutzer direkt eingegeben hat wie z.B. Namen, Benutzernamen, E-Mail-Adresse und den Kommentar selbst).<\/p>\n<p>Wenn du einen Kommentar schreibst, wird dieser inklusive Metadaten zeitlich unbegrenzt gespeichert. Auf diese Art k\u00f6nnen wir Folgekommentare automatisch erkennen und freigeben, anstelle sie in einer Moderations-Warteschlange festzuhalten.<\/p>\n<h3>Cookies<\/h3>\n<p>Wenn du einen Kommentar auf unserer Website schreibst, kann das eine Einwilligung sein, deinen Namen, E-Mail-Adresse und Website in Cookies zu speichern. Dies ist eine Komfortfunktion, damit du nicht, wenn du einen weiteren Kommentar schreibst, all diese Daten erneut eingeben musst. Diese Cookies werden ein Jahr lang gespeichert.<\/p>\n<h3>Eingebettete Inhalte von anderen Websites<\/h3>\n<p>Beitr\u00e4ge auf dieser Website k\u00f6nnen eingebettete Inhalte beinhalten (z. B. Videos, Bilder, Beitr\u00e4ge etc.). Eingebettete Inhalte von anderen Websites verhalten sich exakt so, als ob der Besucher die andere Website besucht h\u00e4tte.<\/p>\n<p>Diese Websites k\u00f6nnen Daten \u00fcber dich sammeln, Cookies benutzen, zus\u00e4tzliche Tracking-Dienste von Dritten einbetten und deine Interaktion mit diesem eingebetteten Inhalt aufzeichnen, inklusive deiner Interaktion mit dem eingebetteten Inhalt, falls du ein Konto hast und auf dieser Website angemeldet bist.<\/p>\n<h3>Analysedienste<\/h3>\n<p>Ich verwende keine Analysedienste.<\/p>\n<h2>Mit wem wir deine Daten teilen<\/h2>\n<p>Deine pers\u00f6nlichen Daten werden, bis auf die Datenverarbeitung der Kommentarfunktion, nicht weitergegeben.<\/p>\n<h2>Wie lange wir deine Daten speichern<\/h2>\n<p>Wenn du einen Kommentar schreibst, wird dieser inklusive Metadaten zeitlich unbegrenzt gespeichert. Auf diese Art k\u00f6nnen wir Folgekommentare automatisch erkennen und freigeben, anstelle sie in einer Moderations-Warteschlange festzuhalten.<\/p>\n<h2>Welche Rechte du an deinen Daten hast<\/h2>\n<p>Wenn du ein Konto auf dieser Website besitzt oder Kommentare geschrieben hast, kannst du einen Export deiner personenbezogenen Daten bei uns anfordern, inklusive aller Daten, die du uns mitgeteilt hast. Dar\u00fcber hinaus kannst du die L\u00f6schung aller personenbezogenen Daten, die wir von dir gespeichert haben, anfordern. Dies umfasst nicht die Daten, die wir aufgrund administrativer, rechtlicher oder sicherheitsrelevanter Notwendigkeiten aufbewahren m\u00fcssen.<\/p>\n<h2>Weitere Informationen<\/h2>\n<h3>Wie wir deine Daten sch\u00fctzen<\/h3>\n<p>Die Website https:\/\/bankis.de\/ wird per SSL-Verschl\u00fcsselung gesch\u00fctzt. Somit werden alle Deine Daten, insbesondere Kommentare, sicher \u00fcbertragen.<\/p>\n<h3>Welche Ma\u00dfnahmen wir bei Datenschutzverletzungen anbieten<\/h3>\n<p>Solltest Du eine Datenschutzverletzung feststellen bzw. Daten aus Deinen Kommentaren gel\u00f6scht haben m\u00f6chtest, wende Dich bitte per Mail an: management@bankis.de . Ich werde schnellstm\u00f6glich Dein Anliegen bearbeiten.<\/p>\n<h3>Von welchen Drittanbietern wir Daten erhalten<\/h3>\n<p>Wir erhalten keine pers\u00f6nlichen Daten von Drittanbietern.<\/p>\n<p>&nbsp;<\/p>\n<p>&nbsp;<\/p>\n<p>Die Datenschutzerkl\u00e4rung wurde im Mai 2018 erstellt.<\/p>\n<h3><\/h3>\n<h3>Related Images:<\/h3>","protected":false},"excerpt":{"rendered":"<p>Seiten von Andreas und Astrid Bank (M\u00fchlhausen\/Th\u00fcringen) Kontakt: Impressum Dieses Impressum gilt f\u00fcr alle Seiten\/ Subdomains auf: https:\/\/bankis.de http:\/\/bankfoto.de Angaben gem\u00e4\u00df \u00a7 5 Telemediengesetz (TMG): Kontakt: Verantwortlicher f\u00fcr den Inhalt ist gem\u00e4\u00df \u00a7 55 Abs. 2 Rundfunkstaatsvertrag (RStV): Ausschluss der &hellip;<\/p>\n<p class=\"read-more\"> <a class=\"more-link\" href=\"https:\/\/bankis.de\/?page_id=2\"> <span class=\"screen-reader-text\">Impressum\/ Datenschutzerkl\u00e4rung<\/span> Weiterlesen &raquo;<\/a><\/p>\n","protected":false},"author":1,"featured_media":0,"parent":639,"menu_order":99,"comment_status":"closed","ping_status":"closed","template":"","meta":{"ngg_post_thumbnail":0,"footnotes":""},"class_list":["post-2","page","type-page","status-publish","hentry"],"_links":{"self":[{"href":"https:\/\/bankis.de\/index.php?rest_route=\/wp\/v2\/pages\/2","targetHints":{"allow":["GET"]}}],"collection":[{"href":"https:\/\/bankis.de\/index.php?rest_route=\/wp\/v2\/pages"}],"about":[{"href":"https:\/\/bankis.de\/index.php?rest_route=\/wp\/v2\/types\/page"}],"author":[{"embeddable":true,"href":"https:\/\/bankis.de\/index.php?rest_route=\/wp\/v2\/users\/1"}],"replies":[{"embeddable":true,"href":"https:\/\/bankis.de\/index.php?rest_route=%2Fwp%2Fv2%2Fcomments&post=2"}],"version-history":[{"count":91,"href":"https:\/\/bankis.de\/index.php?rest_route=\/wp\/v2\/pages\/2\/revisions"}],"predecessor-version":[{"id":3592,"href":"https:\/\/bankis.de\/index.php?rest_route=\/wp\/v2\/pages\/2\/revisions\/3592"}],"up":[{"embeddable":true,"href":"https:\/\/bankis.de\/index.php?rest_route=\/wp\/v2\/pages\/639"}],"wp:attachment":[{"href":"https:\/\/bankis.de\/index.php?rest_route=%2Fwp%2Fv2%2Fmedia&parent=2"}],"curies":[{"name":"wp","href":"https:\/\/api.w.org\/{rel}","templated":true}]}}