{"id":4799,"date":"2025-07-28T19:03:16","date_gmt":"2025-07-28T17:03:16","guid":{"rendered":"https:\/\/bankis.de\/?page_id=4799"},"modified":"2025-07-28T19:04:30","modified_gmt":"2025-07-28T17:04:30","slug":"aktuell","status":"publish","type":"page","link":"https:\/\/bankis.de\/","title":{"rendered":"Aktuell"},"content":{"rendered":"\n<p class=\"has-text-align-center\">Unsere Sommer-Fahrrad-Tour ging 2025 entlang des Flusses Thei\u00df, dem gr\u00f6\u00dften Nebenfluss der Donau:<\/p>\n\n\n\n<p class=\"has-text-align-center\"><a href=\"https:\/\/bankis.de\/?p=4722\">Reisebericht<\/a><\/p>\n\n\n\n<p class=\"has-text-align-center\"><a href=\"https:\/\/bankis.de\/?p=4469\">Wegbeschreibung<\/a><\/p>\n\n\n\n<figure class=\"wp-block-image size-large is-style-rounded\"><img loading=\"lazy\" decoding=\"async\" width=\"1024\" height=\"683\" src=\"https:\/\/bankis.de\/wp-content\/uploads\/2025\/07\/dsc_4778-17766546811228277503-1024x683.jpg\" alt=\"\" class=\"wp-image-4746\" srcset=\"https:\/\/bankis.de\/wp-content\/uploads\/2025\/07\/dsc_4778-17766546811228277503-1024x683.jpg 1024w, https:\/\/bankis.de\/wp-content\/uploads\/2025\/07\/dsc_4778-17766546811228277503-450x300.jpg 450w, https:\/\/bankis.de\/wp-content\/uploads\/2025\/07\/dsc_4778-17766546811228277503-768x512.jpg 768w, https:\/\/bankis.de\/wp-content\/uploads\/2025\/07\/dsc_4778-17766546811228277503-1536x1024.jpg 1536w, https:\/\/bankis.de\/wp-content\/uploads\/2025\/07\/dsc_4778-17766546811228277503-100x67.jpg 100w, https:\/\/bankis.de\/wp-content\/uploads\/2025\/07\/dsc_4778-17766546811228277503-150x100.jpg 150w, https:\/\/bankis.de\/wp-content\/uploads\/2025\/07\/dsc_4778-17766546811228277503-200x133.jpg 200w, https:\/\/bankis.de\/wp-content\/uploads\/2025\/07\/dsc_4778-17766546811228277503-300x200.jpg 300w, https:\/\/bankis.de\/wp-content\/uploads\/2025\/07\/dsc_4778-17766546811228277503-600x400.jpg 600w, https:\/\/bankis.de\/wp-content\/uploads\/2025\/07\/dsc_4778-17766546811228277503-900x600.jpg 900w, https:\/\/bankis.de\/wp-content\/uploads\/2025\/07\/dsc_4778-17766546811228277503.jpg 1620w\" sizes=\"auto, (max-width: 1024px) 100vw, 1024px\" \/><\/figure>\n\n\n\n<p><\/p>\n<h3>Related Images:<\/h3>","protected":false},"excerpt":{"rendered":"<p>Unsere Sommer-Fahrrad-Tour ging 2025 entlang des Flusses Thei\u00df, dem gr\u00f6\u00dften Nebenfluss der Donau: Reisebericht Wegbeschreibung Related Images:<\/p>\n","protected":false},"author":1,"featured_media":0,"parent":0,"menu_order":0,"comment_status":"closed","ping_status":"closed","template":"","meta":{"ngg_post_thumbnail":0,"footnotes":""},"class_list":["post-4799","page","type-page","status-publish","hentry"],"_links":{"self":[{"href":"https:\/\/bankis.de\/index.php?rest_route=\/wp\/v2\/pages\/4799","targetHints":{"allow":["GET"]}}],"collection":[{"href":"https:\/\/bankis.de\/index.php?rest_route=\/wp\/v2\/pages"}],"about":[{"href":"https:\/\/bankis.de\/index.php?rest_route=\/wp\/v2\/types\/page"}],"author":[{"embeddable":true,"href":"https:\/\/bankis.de\/index.php?rest_route=\/wp\/v2\/users\/1"}],"replies":[{"embeddable":true,"href":"https:\/\/bankis.de\/index.php?rest_route=%2Fwp%2Fv2%2Fcomments&post=4799"}],"version-history":[{"count":2,"href":"https:\/\/bankis.de\/index.php?rest_route=\/wp\/v2\/pages\/4799\/revisions"}],"predecessor-version":[{"id":4801,"href":"https:\/\/bankis.de\/index.php?rest_route=\/wp\/v2\/pages\/4799\/revisions\/4801"}],"wp:attachment":[{"href":"https:\/\/bankis.de\/index.php?rest_route=%2Fwp%2Fv2%2Fmedia&parent=4799"}],"curies":[{"name":"wp","href":"https:\/\/api.w.org\/{rel}","templated":true}]}}